{"id":290,"date":"2025-04-15T17:14:49","date_gmt":"2025-04-15T20:14:49","guid":{"rendered":"https:\/\/mallostore.sheei.site\/?post_type=product&#038;p=290"},"modified":"2025-04-15T17:15:10","modified_gmt":"2025-04-15T20:15:10","slug":"conjunto-fitness-feminino-mallo-marrom-terra","status":"publish","type":"product","link":"https:\/\/mallo.site\/?product=conjunto-fitness-feminino-mallo-marrom-terra","title":{"rendered":"Conjunto Fitness Feminino Mall\u00f4 \u2013 Marrom Terra"},"content":{"rendered":"<p>Sofistica\u00e7\u00e3o neutra para quem treina com presen\u00e7a.<\/p>\n","protected":false},"excerpt":{"rendered":"<p>Sofistica\u00e7\u00e3o neutra para quem treina com presen\u00e7a.<\/p>\n","protected":false},"featured_media":291,"comment_status":"open","ping_status":"closed","template":"","meta":[],"product_brand":[],"product_cat":[25],"product_tag":[],"class_list":{"0":"post-290","1":"product","2":"type-product","3":"status-publish","4":"has-post-thumbnail","6":"product_cat-conjunto","8":"first","9":"instock","10":"shipping-taxable","11":"purchasable","12":"product-type-simple"},"_links":{"self":[{"href":"https:\/\/mallo.site\/index.php?rest_route=\/wp\/v2\/product\/290","targetHints":{"allow":["GET"]}}],"collection":[{"href":"https:\/\/mallo.site\/index.php?rest_route=\/wp\/v2\/product"}],"about":[{"href":"https:\/\/mallo.site\/index.php?rest_route=\/wp\/v2\/types\/product"}],"replies":[{"embeddable":true,"href":"https:\/\/mallo.site\/index.php?rest_route=%2Fwp%2Fv2%2Fcomments&post=290"}],"version-history":[{"count":0,"href":"https:\/\/mallo.site\/index.php?rest_route=\/wp\/v2\/product\/290\/revisions"}],"wp:featuredmedia":[{"embeddable":true,"href":"https:\/\/mallo.site\/index.php?rest_route=\/wp\/v2\/media\/291"}],"wp:attachment":[{"href":"https:\/\/mallo.site\/index.php?rest_route=%2Fwp%2Fv2%2Fmedia&parent=290"}],"wp:term":[{"taxonomy":"product_brand","embeddable":true,"href":"https:\/\/mallo.site\/index.php?rest_route=%2Fwp%2Fv2%2Fproduct_brand&post=290"},{"taxonomy":"product_cat","embeddable":true,"href":"https:\/\/mallo.site\/index.php?rest_route=%2Fwp%2Fv2%2Fproduct_cat&post=290"},{"taxonomy":"product_tag","embeddable":true,"href":"https:\/\/mallo.site\/index.php?rest_route=%2Fwp%2Fv2%2Fproduct_tag&post=290"}],"curies":[{"name":"wp","href":"https:\/\/api.w.org\/{rel}","templated":true}]}}